{"id":14474,"date":"2020-08-19T07:40:26","date_gmt":"2020-08-19T11:40:26","guid":{"rendered":"https:\/\/wpbingosite.com\/wordpress\/funio\/?page_id=14474"},"modified":"2021-07-28T03:59:58","modified_gmt":"2021-07-28T07:59:58","slug":"faq","status":"publish","type":"page","link":"https:\/\/joyeriasninfa.cl\/old\/faq\/","title":{"rendered":"FAQs"},"content":{"rendered":"\t\t<div data-elementor-type=\"wp-page\" data-elementor-id=\"14474\" class=\"elementor elementor-14474\">\n\t\t\t\t\t\t<section class=\"elementor-section elementor-top-section elementor-element elementor-element-66e9c05 elementor-section-boxed elementor-section-height-default elementor-section-height-default\" data-id=\"66e9c05\" data-element_type=\"section\">\n\t\t\t\t\t\t<div class=\"elementor-container elementor-column-gap-default\">\n\t\t\t\t\t<div class=\"elementor-column elementor-col-100 elementor-top-column elementor-element elementor-element-4170ba4\" data-id=\"4170ba4\" data-element_type=\"column\">\n\t\t\t<div class=\"elementor-widget-wrap elementor-element-populated\">\n\t\t\t\t\t\t<div class=\"elementor-element elementor-element-ca300dd elementor-view-default elementor-widget elementor-widget-icon\" data-id=\"ca300dd\" data-element_type=\"widget\" data-widget_type=\"icon.default\">\n\t\t\t\t<div class=\"elementor-widget-container\">\n\t\t\t\t\t<div class=\"elementor-icon-wrapper\">\n\t\t\t<div class=\"elementor-icon\">\n\t\t\t<svg xmlns=\"http:\/\/www.w3.org\/2000\/svg\" xmlns:xlink=\"http:\/\/www.w3.org\/1999\/xlink\" id=\"Capa_1\" x=\"0px\" y=\"0px\" viewBox=\"0 0 512 512\" style=\"enable-background:new 0 0 512 512;\" xml:space=\"preserve\"><g>\t<g>\t\t<g>\t\t\t<circle cx=\"256\" cy=\"378.5\" r=\"25\"><\/circle>\t\t\t<path d=\"M256,0C114.516,0,0,114.497,0,256c0,141.484,114.497,256,256,256c141.484,0,256-114.497,256-256     C512,114.516,397.503,0,256,0z M256,472c-119.377,0-216-96.607-216-216c0-119.377,96.607-216,216-216     c119.377,0,216,96.607,216,216C472,375.377,375.393,472,256,472z\"><\/path>\t\t\t<path d=\"M256,128.5c-44.112,0-80,35.888-80,80c0,11.046,8.954,20,20,20s20-8.954,20-20c0-22.056,17.944-40,40-40     c22.056,0,40,17.944,40,40c0,22.056-17.944,40-40,40c-11.046,0-20,8.954-20,20v50c0,11.046,8.954,20,20,20     c11.046,0,20-8.954,20-20v-32.531c34.466-8.903,60-40.26,60-77.469C336,164.388,300.112,128.5,256,128.5z\"><\/path>\t\t<\/g>\t<\/g><\/g><g><\/g><g><\/g><g><\/g><g><\/g><g><\/g><g><\/g><g><\/g><g><\/g><g><\/g><g><\/g><g><\/g><g><\/g><g><\/g><g><\/g><g><\/g><\/svg>\t\t\t<\/div>\n\t\t<\/div>\n\t\t\t\t<\/div>\n\t\t\t\t<\/div>\n\t\t\t\t<div class=\"elementor-element elementor-element-ba7f0e9 title-block-1 elementor-widget elementor-widget-heading\" data-id=\"ba7f0e9\" data-element_type=\"widget\" data-widget_type=\"heading.default\">\n\t\t\t\t<div class=\"elementor-widget-container\">\n\t\t\t<h2 class=\"elementor-heading-title elementor-size-default\">Preguntas Frecuentes<span>.<\/span><\/h2>\t\t<\/div>\n\t\t\t\t<\/div>\n\t\t\t\t\t<\/div>\n\t\t<\/div>\n\t\t\t\t\t<\/div>\n\t\t<\/section>\n\t\t\t\t<section class=\"elementor-section elementor-top-section elementor-element elementor-element-acbdb48 elementor-section-boxed elementor-section-height-default elementor-section-height-default\" data-id=\"acbdb48\" data-element_type=\"section\">\n\t\t\t\t\t\t<div class=\"elementor-container elementor-column-gap-default\">\n\t\t\t\t\t<div class=\"elementor-column elementor-col-50 elementor-top-column elementor-element elementor-element-2d2b84b\" data-id=\"2d2b84b\" data-element_type=\"column\">\n\t\t\t<div class=\"elementor-widget-wrap elementor-element-populated\">\n\t\t\t\t\t\t<div class=\"elementor-element elementor-element-72c70e8 elementor-widget elementor-widget-heading\" data-id=\"72c70e8\" data-element_type=\"widget\" data-widget_type=\"heading.default\">\n\t\t\t\t<div class=\"elementor-widget-container\">\n\t\t\t<h2 class=\"elementor-heading-title elementor-size-default\">01. El Pedido<\/h2>\t\t<\/div>\n\t\t\t\t<\/div>\n\t\t\t\t<div class=\"elementor-element elementor-element-8a84d42 elementor-widget elementor-widget-text-editor\" data-id=\"8a84d42\" data-element_type=\"widget\" data-widget_type=\"text-editor.default\">\n\t\t\t\t<div class=\"elementor-widget-container\">\n\t\t\t\t\t\t\t<p>\u00bfCu\u00e1ndo recibo mi pedido?<\/p>\t\t\t\t\t\t<\/div>\n\t\t\t\t<\/div>\n\t\t\t\t<div class=\"elementor-element elementor-element-19dfa4d elementor-widget elementor-widget-text-editor\" data-id=\"19dfa4d\" data-element_type=\"widget\" data-widget_type=\"text-editor.default\">\n\t\t\t\t<div class=\"elementor-widget-container\">\n\t\t\t\t\t\t\t<p>Al realizar el pedido se indica un d\u00eda de env\u00edo. Una vez realizado el pedido, tambi\u00e9n se indicar\u00e1 el mismo tiempo de entrega en la confirmaci\u00f3n del pedido. Por lo tanto, nunca es posible que durante el pedido, el d\u00eda de env\u00edo en el sitio web sea diferente al de la confirmaci\u00f3n del pedido.<\/p>\t\t\t\t\t\t<\/div>\n\t\t\t\t<\/div>\n\t\t\t\t<div class=\"elementor-element elementor-element-2ddce35 elementor-widget elementor-widget-text-editor\" data-id=\"2ddce35\" data-element_type=\"widget\" data-widget_type=\"text-editor.default\">\n\t\t\t\t<div class=\"elementor-widget-container\">\n\t\t\t\t\t\t\t<p>Ahora veo el tiempo de entrega m\u00e1s largo de (una parte de) mi pedido. \u00bfC\u00f3mo puedo cancelarlo?<\/p>\t\t\t\t\t\t<\/div>\n\t\t\t\t<\/div>\n\t\t\t\t<div class=\"elementor-element elementor-element-f82b452 elementor-widget elementor-widget-text-editor\" data-id=\"f82b452\" data-element_type=\"widget\" data-widget_type=\"text-editor.default\">\n\t\t\t\t<div class=\"elementor-widget-container\">\n\t\t\t\t\t\t\t<p>Si el pedido tiene un plazo de entrega superior al que hab\u00eda visto anteriormente, es posible cancelar (una parte) del pedido. Para ello puedes contactar con nuestro servicio de atenci\u00f3n al cliente. Ellos cancelar\u00e1n el pedido por ti. El importe de la compra volver\u00e1 a su cuenta bancaria en un plazo de dos d\u00edas laborables. Cuando ya se ha enviado un pedido, ya no se puede cancelar.<\/p>\t\t\t\t\t\t<\/div>\n\t\t\t\t<\/div>\n\t\t\t\t<div class=\"elementor-element elementor-element-9342301 elementor-widget elementor-widget-text-editor\" data-id=\"9342301\" data-element_type=\"widget\" data-widget_type=\"text-editor.default\">\n\t\t\t\t<div class=\"elementor-widget-container\">\n\t\t\t\t\t\t\t<p>\u00bfCu\u00e1ndo recibir\u00e9 la factura de mi pedido?<\/p>\t\t\t\t\t\t<\/div>\n\t\t\t\t<\/div>\n\t\t\t\t<div class=\"elementor-element elementor-element-ca54782 elementor-widget elementor-widget-text-editor\" data-id=\"ca54782\" data-element_type=\"widget\" data-widget_type=\"text-editor.default\">\n\t\t\t\t<div class=\"elementor-widget-container\">\n\t\t\t\t\t\t\t<p>Cuando haya pagado el pedido, no recibir\u00e1 autom\u00e1ticamente una factura por su pedido. Si desea recibir una factura, puede hacerlo al mometo de realizar la orden por whatsapp.<\/p>\t\t\t\t\t\t<\/div>\n\t\t\t\t<\/div>\n\t\t\t\t\t<\/div>\n\t\t<\/div>\n\t\t\t\t<div class=\"elementor-column elementor-col-50 elementor-top-column elementor-element elementor-element-46827e5\" data-id=\"46827e5\" data-element_type=\"column\">\n\t\t\t<div class=\"elementor-widget-wrap elementor-element-populated\">\n\t\t\t\t\t\t<div class=\"elementor-element elementor-element-97de7fa elementor-widget elementor-widget-heading\" data-id=\"97de7fa\" data-element_type=\"widget\" data-widget_type=\"heading.default\">\n\t\t\t\t<div class=\"elementor-widget-container\">\n\t\t\t<h2 class=\"elementor-heading-title elementor-size-default\">02. Envio<\/h2>\t\t<\/div>\n\t\t\t\t<\/div>\n\t\t\t\t<div class=\"elementor-element elementor-element-e97e387 elementor-widget elementor-widget-text-editor\" data-id=\"e97e387\" data-element_type=\"widget\" data-widget_type=\"text-editor.default\">\n\t\t\t\t<div class=\"elementor-widget-container\">\n\t\t\t\t\t\t\t<p>\u00bfCu\u00e1ndo recibo mi pedido?<\/p>\t\t\t\t\t\t<\/div>\n\t\t\t\t<\/div>\n\t\t\t\t<div class=\"elementor-element elementor-element-20eb60b elementor-widget elementor-widget-text-editor\" data-id=\"20eb60b\" data-element_type=\"widget\" data-widget_type=\"text-editor.default\">\n\t\t\t\t<div class=\"elementor-widget-container\">\n\t\t\t\t\t\t\t<p>Al realizar el pedido se indica un d\u00eda de env\u00edo. Una vez realizado el pedido, tambi\u00e9n se indicar\u00e1 el mismo tiempo de entrega en la confirmaci\u00f3n del pedido. Por lo tanto, nunca es posible que durante el pedido, el d\u00eda de env\u00edo en el sitio web sea diferente al de la confirmaci\u00f3n del pedido.<\/p>\t\t\t\t\t\t<\/div>\n\t\t\t\t<\/div>\n\t\t\t\t<div class=\"elementor-element elementor-element-8c5f1a8 elementor-widget elementor-widget-text-editor\" data-id=\"8c5f1a8\" data-element_type=\"widget\" data-widget_type=\"text-editor.default\">\n\t\t\t\t<div class=\"elementor-widget-container\">\n\t\t\t\t\t\t\t<p>Ahora veo el tiempo de entrega m\u00e1s largo de (una parte de) mi pedido. \u00bfC\u00f3mo puedo cancelarlo?<\/p>\t\t\t\t\t\t<\/div>\n\t\t\t\t<\/div>\n\t\t\t\t<div class=\"elementor-element elementor-element-a0d6221 elementor-widget elementor-widget-text-editor\" data-id=\"a0d6221\" data-element_type=\"widget\" data-widget_type=\"text-editor.default\">\n\t\t\t\t<div class=\"elementor-widget-container\">\n\t\t\t\t\t\t\t<p>Si el pedido tiene un plazo de entrega superior al que hab\u00eda visto anteriormente, es posible cancelar (una parte) del pedido. Para ello puedes contactar con nuestro servicio de atenci\u00f3n al cliente. Ellos cancelar\u00e1n el pedido por ti. El importe de la compra volver\u00e1 a su cuenta bancaria en un plazo de dos d\u00edas laborables. Cuando ya se ha enviado un pedido, ya no se puede cancelar.<\/p>\t\t\t\t\t\t<\/div>\n\t\t\t\t<\/div>\n\t\t\t\t<div class=\"elementor-element elementor-element-8744d1e elementor-widget elementor-widget-text-editor\" data-id=\"8744d1e\" data-element_type=\"widget\" data-widget_type=\"text-editor.default\">\n\t\t\t\t<div class=\"elementor-widget-container\">\n\t\t\t\t\t\t\t<p>\u00bfCu\u00e1ndo recibir\u00e9 la factura de mi pedido?<\/p>\t\t\t\t\t\t<\/div>\n\t\t\t\t<\/div>\n\t\t\t\t<div class=\"elementor-element elementor-element-f06fc3a elementor-widget elementor-widget-text-editor\" data-id=\"f06fc3a\" data-element_type=\"widget\" data-widget_type=\"text-editor.default\">\n\t\t\t\t<div class=\"elementor-widget-container\">\n\t\t\t\t\t\t\t<p>Cuando haya pagado el pedido, no recibir\u00e1 autom\u00e1ticamente una factura por su pedido. Si desea recibir una factura, puede hacerlo al mometo de realizar la orden por whatsapp.<\/p>\t\t\t\t\t\t<\/div>\n\t\t\t\t<\/div>\n\t\t\t\t\t<\/div>\n\t\t<\/div>\n\t\t\t\t\t<\/div>\n\t\t<\/section>\n\t\t\t\t<\/div>\n\t\t","protected":false},"excerpt":{"rendered":"<p>Preguntas Frecuentes. 01. El Pedido \u00bfCu\u00e1ndo recibo mi pedido? Al realizar el pedido se indica un d\u00eda de env\u00edo. Una vez realizado el pedido, tambi\u00e9n se indicar\u00e1 el mismo tiempo de entrega en la confirmaci\u00f3n del pedido. Por lo tanto, nunca es posible que durante el pedido, el d\u00eda de env\u00edo en el sitio web [&hellip;]<\/p>\n","protected":false},"author":1,"featured_media":0,"parent":0,"menu_order":0,"comment_status":"closed","ping_status":"closed","template":"elementor_header_footer","meta":{"footnotes":""},"class_list":["post-14474","page","type-page","status-publish","hentry"],"jetpack_sharing_enabled":true,"_links":{"self":[{"href":"https:\/\/joyeriasninfa.cl\/old\/wp-json\/wp\/v2\/pages\/14474","targetHints":{"allow":["GET"]}}],"collection":[{"href":"https:\/\/joyeriasninfa.cl\/old\/wp-json\/wp\/v2\/pages"}],"about":[{"href":"https:\/\/joyeriasninfa.cl\/old\/wp-json\/wp\/v2\/types\/page"}],"author":[{"embeddable":true,"href":"https:\/\/joyeriasninfa.cl\/old\/wp-json\/wp\/v2\/users\/1"}],"replies":[{"embeddable":true,"href":"https:\/\/joyeriasninfa.cl\/old\/wp-json\/wp\/v2\/comments?post=14474"}],"version-history":[{"count":19,"href":"https:\/\/joyeriasninfa.cl\/old\/wp-json\/wp\/v2\/pages\/14474\/revisions"}],"predecessor-version":[{"id":18558,"href":"https:\/\/joyeriasninfa.cl\/old\/wp-json\/wp\/v2\/pages\/14474\/revisions\/18558"}],"wp:attachment":[{"href":"https:\/\/joyeriasninfa.cl\/old\/wp-json\/wp\/v2\/media?parent=14474"}],"curies":[{"name":"wp","href":"https:\/\/api.w.org\/{rel}","templated":true}]}}