{"id":27472,"date":"2023-10-09T23:32:56","date_gmt":"2023-10-10T02:32:56","guid":{"rendered":"https:\/\/joyeriasninfa.cl\/?post_type=product&#038;p=27472"},"modified":"2023-10-09T23:32:57","modified_gmt":"2023-10-10T02:32:57","slug":"rm02rra","status":"publish","type":"product","link":"https:\/\/joyeriasninfa.cl\/old\/product\/rm02rra\/","title":{"rendered":"RM02RRA"},"content":{"rendered":"<p>Reloj mec\u00e1nico de accionamiento de autom\u00e1tico, la cuerda se realiza con la perilla o con el movimiento de la mu\u00f1eca.<\/p>\n","protected":false},"excerpt":{"rendered":"<p>Caja de acero inoxidable y correas de silicona<\/p>\n","protected":false},"featured_media":27466,"template":"","meta":[],"product_brand":[65],"product_cat":[51],"product_tag":[],"class_list":{"0":"post-27472","1":"product","2":"type-product","3":"status-publish","4":"has-post-thumbnail","6":"product_brand-correas-deportivas","7":"product_cat-relojes-de-hombre","10":"first","11":"instock","12":"taxable","13":"shipping-taxable","14":"purchasable","15":"product-type-simple"},"jetpack_sharing_enabled":true,"_links":{"self":[{"href":"https:\/\/joyeriasninfa.cl\/old\/wp-json\/wp\/v2\/product\/27472","targetHints":{"allow":["GET"]}}],"collection":[{"href":"https:\/\/joyeriasninfa.cl\/old\/wp-json\/wp\/v2\/product"}],"about":[{"href":"https:\/\/joyeriasninfa.cl\/old\/wp-json\/wp\/v2\/types\/product"}],"wp:featuredmedia":[{"embeddable":true,"href":"https:\/\/joyeriasninfa.cl\/old\/wp-json\/wp\/v2\/media\/27466"}],"wp:attachment":[{"href":"https:\/\/joyeriasninfa.cl\/old\/wp-json\/wp\/v2\/media?parent=27472"}],"wp:term":[{"taxonomy":"product_brand","embeddable":true,"href":"https:\/\/joyeriasninfa.cl\/old\/wp-json\/wp\/v2\/product_brand?post=27472"},{"taxonomy":"product_cat","embeddable":true,"href":"https:\/\/joyeriasninfa.cl\/old\/wp-json\/wp\/v2\/product_cat?post=27472"},{"taxonomy":"product_tag","embeddable":true,"href":"https:\/\/joyeriasninfa.cl\/old\/wp-json\/wp\/v2\/product_tag?post=27472"}],"curies":[{"name":"wp","href":"https:\/\/api.w.org\/{rel}","templated":true}]}}