{"id":27943,"date":"2024-02-10T14:04:17","date_gmt":"2024-02-10T17:04:17","guid":{"rendered":"https:\/\/joyeriasninfa.cl\/product\/reloj-crongrafo-anlogo-disco-azul-2\/"},"modified":"2024-03-25T18:18:55","modified_gmt":"2024-03-25T21:18:55","slug":"reloj-crongrafo-anlogo-disco-azul-2","status":"publish","type":"product","link":"https:\/\/joyeriasninfa.cl\/old\/product\/reloj-crongrafo-anlogo-disco-azul-2\/","title":{"rendered":"Reloj cron\u00f3grafo an\u00e1logo disco azul"},"content":{"rendered":"<p>Reloj caja plateada con bisel dorado, disco gris, cron\u00f3grafo, accionamiento por bater\u00eda<\/p>\n","protected":false},"excerpt":{"rendered":"<p>Reloj caja acero correas de cuero real<\/p>\n","protected":false},"featured_media":27864,"template":"","meta":[],"product_brand":[296,64],"product_cat":[51],"product_tag":[],"class_list":{"0":"post-27943","1":"product","2":"type-product","3":"status-publish","4":"has-post-thumbnail","6":"product_brand-correa-cuero","7":"product_brand-correas-en-eco-cuero","8":"product_cat-relojes-de-hombre","11":"first","12":"instock","13":"taxable","14":"shipping-taxable","15":"purchasable","16":"product-type-simple"},"jetpack_sharing_enabled":true,"_links":{"self":[{"href":"https:\/\/joyeriasninfa.cl\/old\/wp-json\/wp\/v2\/product\/27943","targetHints":{"allow":["GET"]}}],"collection":[{"href":"https:\/\/joyeriasninfa.cl\/old\/wp-json\/wp\/v2\/product"}],"about":[{"href":"https:\/\/joyeriasninfa.cl\/old\/wp-json\/wp\/v2\/types\/product"}],"wp:featuredmedia":[{"embeddable":true,"href":"https:\/\/joyeriasninfa.cl\/old\/wp-json\/wp\/v2\/media\/27864"}],"wp:attachment":[{"href":"https:\/\/joyeriasninfa.cl\/old\/wp-json\/wp\/v2\/media?parent=27943"}],"wp:term":[{"taxonomy":"product_brand","embeddable":true,"href":"https:\/\/joyeriasninfa.cl\/old\/wp-json\/wp\/v2\/product_brand?post=27943"},{"taxonomy":"product_cat","embeddable":true,"href":"https:\/\/joyeriasninfa.cl\/old\/wp-json\/wp\/v2\/product_cat?post=27943"},{"taxonomy":"product_tag","embeddable":true,"href":"https:\/\/joyeriasninfa.cl\/old\/wp-json\/wp\/v2\/product_tag?post=27943"}],"curies":[{"name":"wp","href":"https:\/\/api.w.org\/{rel}","templated":true}]}}