{"id":28748,"date":"2024-03-25T19:02:08","date_gmt":"2024-03-25T22:02:08","guid":{"rendered":"https:\/\/joyeriasninfa.cl\/?post_type=product&#038;p=28748"},"modified":"2024-03-25T19:02:08","modified_gmt":"2024-03-25T22:02:08","slug":"reloj-kimsdun-2022-2","status":"publish","type":"product","link":"https:\/\/joyeriasninfa.cl\/old\/product\/reloj-kimsdun-2022-2\/","title":{"rendered":"Reloj Kimsdun 2022"},"content":{"rendered":"<p>Reloj de caja de acero\u00a0 inoxidable pulido con correas de cuero real, cierre r\u00e1pido regulable. De movimiento mec\u00e1nico y accionamiento autom\u00e1tico. Doble segundero con indicador d\u00eda y noche. Caja plateada con bisel dorado y\u00a0 disco negro con dise\u00f1os dorado\u00a0 y correas negras de cuero.<\/p>\n","protected":false},"excerpt":{"rendered":"<p>Reloj de movimiento mec\u00e1nico con accionamiento autom\u00e1tico y correas de cuero.<\/p>\n","protected":false},"featured_media":28745,"template":"","meta":[],"product_brand":[296],"product_cat":[51],"product_tag":[],"class_list":{"0":"post-28748","1":"product","2":"type-product","3":"status-publish","4":"has-post-thumbnail","6":"product_brand-correa-cuero","7":"product_cat-relojes-de-hombre","10":"first","11":"instock","12":"taxable","13":"shipping-taxable","14":"purchasable","15":"product-type-simple"},"jetpack_sharing_enabled":true,"_links":{"self":[{"href":"https:\/\/joyeriasninfa.cl\/old\/wp-json\/wp\/v2\/product\/28748","targetHints":{"allow":["GET"]}}],"collection":[{"href":"https:\/\/joyeriasninfa.cl\/old\/wp-json\/wp\/v2\/product"}],"about":[{"href":"https:\/\/joyeriasninfa.cl\/old\/wp-json\/wp\/v2\/types\/product"}],"wp:featuredmedia":[{"embeddable":true,"href":"https:\/\/joyeriasninfa.cl\/old\/wp-json\/wp\/v2\/media\/28745"}],"wp:attachment":[{"href":"https:\/\/joyeriasninfa.cl\/old\/wp-json\/wp\/v2\/media?parent=28748"}],"wp:term":[{"taxonomy":"product_brand","embeddable":true,"href":"https:\/\/joyeriasninfa.cl\/old\/wp-json\/wp\/v2\/product_brand?post=28748"},{"taxonomy":"product_cat","embeddable":true,"href":"https:\/\/joyeriasninfa.cl\/old\/wp-json\/wp\/v2\/product_cat?post=28748"},{"taxonomy":"product_tag","embeddable":true,"href":"https:\/\/joyeriasninfa.cl\/old\/wp-json\/wp\/v2\/product_tag?post=28748"}],"curies":[{"name":"wp","href":"https:\/\/api.w.org\/{rel}","templated":true}]}}