{"id":28761,"date":"2024-03-26T16:02:55","date_gmt":"2024-03-26T19:02:55","guid":{"rendered":"https:\/\/joyeriasninfa.cl\/?post_type=product&#038;p=28761"},"modified":"2024-03-30T10:32:57","modified_gmt":"2024-03-30T13:32:57","slug":"reloj-deportivo-automatico","status":"publish","type":"product","link":"https:\/\/joyeriasninfa.cl\/old\/product\/reloj-deportivo-automatico\/","title":{"rendered":"Kimsoun 2024B"},"content":{"rendered":"<p>Reloj de acero con movimiento mec\u00e1nico y accionamiento autom\u00e1tico correas met\u00e1licas.<\/p>\n","protected":false},"excerpt":{"rendered":"<p>Reloj met\u00e1lico autom\u00e1tico<\/p>\n","protected":false},"featured_media":28758,"template":"","meta":[],"product_brand":[62],"product_cat":[51],"product_tag":[],"class_list":{"0":"post-28761","1":"product","2":"type-product","3":"status-publish","4":"has-post-thumbnail","6":"product_brand-correa-de-acero","7":"product_cat-relojes-de-hombre","10":"first","11":"instock","12":"taxable","13":"shipping-taxable","14":"purchasable","15":"product-type-simple"},"jetpack_sharing_enabled":true,"_links":{"self":[{"href":"https:\/\/joyeriasninfa.cl\/old\/wp-json\/wp\/v2\/product\/28761","targetHints":{"allow":["GET"]}}],"collection":[{"href":"https:\/\/joyeriasninfa.cl\/old\/wp-json\/wp\/v2\/product"}],"about":[{"href":"https:\/\/joyeriasninfa.cl\/old\/wp-json\/wp\/v2\/types\/product"}],"wp:featuredmedia":[{"embeddable":true,"href":"https:\/\/joyeriasninfa.cl\/old\/wp-json\/wp\/v2\/media\/28758"}],"wp:attachment":[{"href":"https:\/\/joyeriasninfa.cl\/old\/wp-json\/wp\/v2\/media?parent=28761"}],"wp:term":[{"taxonomy":"product_brand","embeddable":true,"href":"https:\/\/joyeriasninfa.cl\/old\/wp-json\/wp\/v2\/product_brand?post=28761"},{"taxonomy":"product_cat","embeddable":true,"href":"https:\/\/joyeriasninfa.cl\/old\/wp-json\/wp\/v2\/product_cat?post=28761"},{"taxonomy":"product_tag","embeddable":true,"href":"https:\/\/joyeriasninfa.cl\/old\/wp-json\/wp\/v2\/product_tag?post=28761"}],"curies":[{"name":"wp","href":"https:\/\/api.w.org\/{rel}","templated":true}]}}