{"id":28762,"date":"2024-03-26T16:10:17","date_gmt":"2024-03-26T19:10:17","guid":{"rendered":"https:\/\/joyeriasninfa.cl\/?post_type=product&#038;p=28762"},"modified":"2024-03-26T16:10:18","modified_gmt":"2024-03-26T19:10:18","slug":"kimsdun-2024n","status":"publish","type":"product","link":"https:\/\/joyeriasninfa.cl\/old\/product\/kimsdun-2024n\/","title":{"rendered":"Kimsdun 2024N"},"content":{"rendered":"<p>Reloj deportivo de movimiento mec\u00e1nico con accionamiento autom\u00e1tico de acero con disco negro. Resistente a profundidad de hasta 20 bar. con correas met\u00e1licas<\/p>\n","protected":false},"excerpt":{"rendered":"<p>Reloj deportivo autom\u00e1tico<\/p>\n","protected":false},"featured_media":28759,"template":"","meta":[],"product_brand":[62],"product_cat":[51],"product_tag":[],"class_list":{"0":"post-28762","1":"product","2":"type-product","3":"status-publish","4":"has-post-thumbnail","6":"product_brand-correa-de-acero","7":"product_cat-relojes-de-hombre","10":"first","11":"instock","12":"taxable","13":"shipping-taxable","14":"purchasable","15":"product-type-simple"},"jetpack_sharing_enabled":true,"_links":{"self":[{"href":"https:\/\/joyeriasninfa.cl\/old\/wp-json\/wp\/v2\/product\/28762","targetHints":{"allow":["GET"]}}],"collection":[{"href":"https:\/\/joyeriasninfa.cl\/old\/wp-json\/wp\/v2\/product"}],"about":[{"href":"https:\/\/joyeriasninfa.cl\/old\/wp-json\/wp\/v2\/types\/product"}],"wp:featuredmedia":[{"embeddable":true,"href":"https:\/\/joyeriasninfa.cl\/old\/wp-json\/wp\/v2\/media\/28759"}],"wp:attachment":[{"href":"https:\/\/joyeriasninfa.cl\/old\/wp-json\/wp\/v2\/media?parent=28762"}],"wp:term":[{"taxonomy":"product_brand","embeddable":true,"href":"https:\/\/joyeriasninfa.cl\/old\/wp-json\/wp\/v2\/product_brand?post=28762"},{"taxonomy":"product_cat","embeddable":true,"href":"https:\/\/joyeriasninfa.cl\/old\/wp-json\/wp\/v2\/product_cat?post=28762"},{"taxonomy":"product_tag","embeddable":true,"href":"https:\/\/joyeriasninfa.cl\/old\/wp-json\/wp\/v2\/product_tag?post=28762"}],"curies":[{"name":"wp","href":"https:\/\/api.w.org\/{rel}","templated":true}]}}