{"id":28784,"date":"2024-04-02T17:52:54","date_gmt":"2024-04-02T20:52:54","guid":{"rendered":"https:\/\/joyeriasninfa.cl\/?post_type=product&#038;p=28784"},"modified":"2024-04-02T17:52:55","modified_gmt":"2024-04-02T20:52:55","slug":"aros-gota-pequenos-plateados","status":"publish","type":"product","link":"https:\/\/joyeriasninfa.cl\/old\/product\/aros-gota-pequenos-plateados\/","title":{"rendered":"Aros Gota Peque\u00f1os plateados"},"content":{"rendered":"<p>Aros acero inoxidable plateados de tama\u00f1o peque\u00f1o.<\/p>\n","protected":false},"excerpt":{"rendered":"<p>Aros Acero plateado<\/p>\n","protected":false},"featured_media":28790,"template":"","meta":[],"product_brand":[],"product_cat":[145],"product_tag":[],"class_list":{"0":"post-28784","1":"product","2":"type-product","3":"status-publish","4":"has-post-thumbnail","6":"product_cat-aros-acero-inoxidable","9":"first","10":"instock","11":"taxable","12":"shipping-taxable","13":"purchasable","14":"product-type-simple"},"jetpack_sharing_enabled":true,"_links":{"self":[{"href":"https:\/\/joyeriasninfa.cl\/old\/wp-json\/wp\/v2\/product\/28784","targetHints":{"allow":["GET"]}}],"collection":[{"href":"https:\/\/joyeriasninfa.cl\/old\/wp-json\/wp\/v2\/product"}],"about":[{"href":"https:\/\/joyeriasninfa.cl\/old\/wp-json\/wp\/v2\/types\/product"}],"wp:featuredmedia":[{"embeddable":true,"href":"https:\/\/joyeriasninfa.cl\/old\/wp-json\/wp\/v2\/media\/28790"}],"wp:attachment":[{"href":"https:\/\/joyeriasninfa.cl\/old\/wp-json\/wp\/v2\/media?parent=28784"}],"wp:term":[{"taxonomy":"product_brand","embeddable":true,"href":"https:\/\/joyeriasninfa.cl\/old\/wp-json\/wp\/v2\/product_brand?post=28784"},{"taxonomy":"product_cat","embeddable":true,"href":"https:\/\/joyeriasninfa.cl\/old\/wp-json\/wp\/v2\/product_cat?post=28784"},{"taxonomy":"product_tag","embeddable":true,"href":"https:\/\/joyeriasninfa.cl\/old\/wp-json\/wp\/v2\/product_tag?post=28784"}],"curies":[{"name":"wp","href":"https:\/\/api.w.org\/{rel}","templated":true}]}}