{"id":29618,"date":"2024-07-22T12:08:14","date_gmt":"2024-07-22T16:08:14","guid":{"rendered":"https:\/\/joyeriasninfa.cl\/product\/reloj-corazn\/"},"modified":"2024-07-22T14:24:07","modified_gmt":"2024-07-22T18:24:07","slug":"reloj-corazn","status":"publish","type":"product","link":"https:\/\/joyeriasninfa.cl\/old\/product\/reloj-corazn\/","title":{"rendered":"Reloj Coraz\u00f3n"},"content":{"rendered":"<p>Descubre nuestro reloj para ni\u00f1os con dise\u00f1o de coraz\u00f3n! Este adorable reloj combina funcionalidad y estilo, perfecto para los m\u00e1s peque\u00f1os. Con una correa c\u00f3moda y ajustable, y una esfera en forma de coraz\u00f3n, es ideal para ensenarles a leer la hora de una manera divertida. Fabricado con materiales seguros y duraderos, es el complemento perfecto para cualquier atuendo infantil.<\/p>\n<p>Caracter\u00edsticas:<\/p>\n<p>Reloj para ni\u00f1os con dise\u00f1o de coraz\u00f3n<br \/>\nCorrea ajustable y c\u00f3moda<br \/>\nEsfera en forma de coraz\u00f3n<br \/>\nMateriales seguros y duraderos<br \/>\nDisponible en colores vibrantes<\/p>\n<p>Usos recomendados:<\/p>\n<p>Ense\u00f1ar a los ni\u00f1os a leer la hora<br \/>\nRegalos de cumplea\u00f1os<br \/>\nAccesorio diario y elegante<\/p>\n","protected":false},"excerpt":{"rendered":"<p>\u00a1Descubre nuestro reloj para ni\u00f1os con forma de coraz\u00f3n! Colorido, c\u00f3modo y duradero, perfecto para ensenarles a leer la hora de manera divertida.<\/p>\n","protected":false},"featured_media":29602,"template":"","meta":[],"product_brand":[],"product_cat":[302],"product_tag":[],"class_list":{"0":"post-29618","1":"product","2":"type-product","3":"status-publish","4":"has-post-thumbnail","6":"product_cat-dia-del-nio","9":"first","10":"instock","11":"taxable","12":"shipping-taxable","13":"purchasable","14":"product-type-simple"},"jetpack_sharing_enabled":true,"_links":{"self":[{"href":"https:\/\/joyeriasninfa.cl\/old\/wp-json\/wp\/v2\/product\/29618","targetHints":{"allow":["GET"]}}],"collection":[{"href":"https:\/\/joyeriasninfa.cl\/old\/wp-json\/wp\/v2\/product"}],"about":[{"href":"https:\/\/joyeriasninfa.cl\/old\/wp-json\/wp\/v2\/types\/product"}],"wp:featuredmedia":[{"embeddable":true,"href":"https:\/\/joyeriasninfa.cl\/old\/wp-json\/wp\/v2\/media\/29602"}],"wp:attachment":[{"href":"https:\/\/joyeriasninfa.cl\/old\/wp-json\/wp\/v2\/media?parent=29618"}],"wp:term":[{"taxonomy":"product_brand","embeddable":true,"href":"https:\/\/joyeriasninfa.cl\/old\/wp-json\/wp\/v2\/product_brand?post=29618"},{"taxonomy":"product_cat","embeddable":true,"href":"https:\/\/joyeriasninfa.cl\/old\/wp-json\/wp\/v2\/product_cat?post=29618"},{"taxonomy":"product_tag","embeddable":true,"href":"https:\/\/joyeriasninfa.cl\/old\/wp-json\/wp\/v2\/product_tag?post=29618"}],"curies":[{"name":"wp","href":"https:\/\/api.w.org\/{rel}","templated":true}]}}